{"id":4446,"date":"2024-09-03T15:08:20","date_gmt":"2024-09-03T13:08:20","guid":{"rendered":"https:\/\/orquestrabarrocacatalana.cat\/about-us\/"},"modified":"2024-10-06T01:02:09","modified_gmt":"2024-10-05T23:02:09","slug":"about-us","status":"publish","type":"page","link":"https:\/\/orquestrabarrocacatalana.cat\/en\/about-us\/","title":{"rendered":"About us"},"content":{"rendered":"\t\t<div data-elementor-type=\"wp-page\" data-elementor-id=\"4446\" class=\"elementor elementor-4446 elementor-2372\" data-elementor-post-type=\"page\">\n\t\t\t\t<header class=\"elementor-element elementor-element-6080000 page-header e-flex e-con-boxed e-con e-parent\" data-id=\"6080000\" data-element_type=\"container\" data-e-type=\"container\">\n\t\t\t\t\t<div class=\"e-con-inner\">\n\t\t<div class=\"elementor-element elementor-element-d157f37 e-con-full e-flex e-con e-child\" data-id=\"d157f37\" data-element_type=\"container\" data-e-type=\"container\">\n\t\t\t\t<\/div>\n\t\t<div class=\"elementor-element elementor-element-701449b e-con-full e-flex e-con e-child\" data-id=\"701449b\" data-element_type=\"container\" data-e-type=\"container\">\n\t\t\t\t<div class=\"elementor-element elementor-element-e87e40d h3 elementor-widget elementor-widget-heading\" data-id=\"e87e40d\" data-element_type=\"widget\" data-e-type=\"widget\" data-widget_type=\"heading.default\">\n\t\t\t\t<div class=\"elementor-widget-container\">\n\t\t\t\t\t<h1 class=\"elementor-heading-title elementor-size-default\">Orquestra Barroca Catalana \u00b7 About us<\/h1>\t\t\t\t<\/div>\n\t\t\t\t<\/div>\n\t\t\t\t<\/div>\n\t\t\t\t\t<\/div>\n\t\t\t\t<\/header>\n\t\t<div class=\"elementor-element elementor-element-8686bcd section-color-transparent e-flex e-con-boxed e-con e-parent\" data-id=\"8686bcd\" data-element_type=\"container\" data-e-type=\"container\">\n\t\t\t\t\t<div class=\"e-con-inner\">\n\t\t<div class=\"elementor-element elementor-element-0ffac2a e-con-full e-flex e-con e-child\" data-id=\"0ffac2a\" data-element_type=\"container\" data-e-type=\"container\">\n\t\t\t\t<div class=\"elementor-element elementor-element-5cb30b4 elementor-widget elementor-widget-image\" data-id=\"5cb30b4\" data-element_type=\"widget\" data-e-type=\"widget\" data-widget_type=\"image.default\">\n\t\t\t\t<div class=\"elementor-widget-container\">\n\t\t\t\t\t\t\t\t\t\t\t\t\t\t\t<img fetchpriority=\"high\" decoding=\"async\" width=\"800\" height=\"526\" src=\"https:\/\/orquestrabarrocacatalana.cat\/wp-content\/uploads\/2024\/10\/Barrocat-placa-Sant-Felip-Neri-1024x673.jpg\" class=\"attachment-large size-large wp-image-6275\" alt=\"\" srcset=\"https:\/\/orquestrabarrocacatalana.cat\/wp-content\/uploads\/2024\/10\/Barrocat-placa-Sant-Felip-Neri-1024x673.jpg 1024w, https:\/\/orquestrabarrocacatalana.cat\/wp-content\/uploads\/2024\/10\/Barrocat-placa-Sant-Felip-Neri-300x197.jpg 300w, https:\/\/orquestrabarrocacatalana.cat\/wp-content\/uploads\/2024\/10\/Barrocat-placa-Sant-Felip-Neri-768x505.jpg 768w, https:\/\/orquestrabarrocacatalana.cat\/wp-content\/uploads\/2024\/10\/Barrocat-placa-Sant-Felip-Neri-1536x1009.jpg 1536w, https:\/\/orquestrabarrocacatalana.cat\/wp-content\/uploads\/2024\/10\/Barrocat-placa-Sant-Felip-Neri-2048x1346.jpg 2048w\" sizes=\"(max-width: 800px) 100vw, 800px\" \/>\t\t\t\t\t\t\t\t\t\t\t\t\t\t\t<\/div>\n\t\t\t\t<\/div>\n\t\t\t\t<div class=\"elementor-element elementor-element-62533f7 txt-sm elementor-widget elementor-widget-text-editor\" data-id=\"62533f7\" data-element_type=\"widget\" data-e-type=\"widget\" data-widget_type=\"text-editor.default\">\n\t\t\t\t<div class=\"elementor-widget-container\">\n\t\t\t\t\t\t\t\t\t<p>Musical director: <strong>Santi Aubert Vayreda<\/strong><\/p>\t\t\t\t\t\t\t\t<\/div>\n\t\t\t\t<\/div>\n\t\t\t\t<\/div>\n\t\t<div class=\"elementor-element elementor-element-6b04b0e e-con-full e-flex e-con e-child\" data-id=\"6b04b0e\" data-element_type=\"container\" data-e-type=\"container\">\n\t\t\t\t<div class=\"elementor-element elementor-element-f9dec23 elementor-widget elementor-widget-text-editor\" data-id=\"f9dec23\" data-element_type=\"widget\" data-e-type=\"widget\" data-widget_type=\"text-editor.default\">\n\t\t\t\t<div class=\"elementor-widget-container\">\n\t\t\t\t\t\t\t\t\t<p>The Orchestra Barroca Catalana was born in 1993 with the purpose of disseminating and rediscovering ancient music of the XVII and XVIII Centuries through its performances of instrumental, opera and religious music.<\/p>\n<p>Our classical and baroque programs are tailored to each artistic proposal. All performances are truly inspired by the style and musical interpretation of that period. For that reason, we are used to collaborate with distinguished directors and soloist that match perfectly with each program offered. <\/p>\n<p>In 2016 we have started doing our own programs in the Oratory of Sant Felip Neri with the aim of proposing a combination of particular music of well-known composers with unpublished repertoire of catalan musicians of the XVIII Century.<\/p>\n<p>The orchestra has collaborated with numerous choirs due to its large experience of vocal repertoire. Many directors and soloists have helped to our development as musicians. As a result, we acquired our personal style recognized by the audience. <\/p>\n<p>We would like to highlight R\u00fcdiger Lotter, Manfredo Kraemer, Hiro Kurosaki, Daniel Reuss, Karl Friedric Beringer, Paul Dombrecht, Barry Sargent, Charles Limouse, Sergi Casademunt, Simon Carrington, Helmut Breuer, Jordi Casas Bayer and Manel Valdivieso as directors and Josep Borr\u00e0s, Raquel Andueza, Marta Infante, Lidia Vinyes Curtis, Xavier Sabata, Jordi Dom\u00e8nech, Marta Matheu, Pau Bordas, N\u00faria Rial, Enric Martinez Castignani, Gemma Coma Alabert, Elena Copons, Robert Expert, Michael Chance, Llu\u00eds Vilamaj\u00f3, Lucy Crowe, Marianne Beate Kielland, David Wilson-Johnson and Thomas Walker as soloists.<\/p>\n<p>From our repertoire, we aim to stand out Mass Alma redemptoris Mater, Fagot concert of Anselm Viola, Stabat Mater and Salve Regina of Josep and Manuel Pla, Magnificat, Sant Luke Passion and Sant Matthew Passion of Johann Sebastian Bach, Vespers of Claudio Monteverdi, Te Deum de M. A. Charpentier, Messiah of Georg Friedrich Handel, Requiem of Wolfgang Amadeus Mozart, Nelson Mass of Franz Joseph Haydn and violin concert in D minor of Felix Mendelssohn. <\/p>\n<p>Furthermore, compositions of Dom\u00e8nec Terradellas, Francesc Valls, Ferran Sor, Vicent Mart\u00edn i Soler, Charles Desmazures, Alessandro Scarlatti, Angelo Ragazzi, Emanuele d\u2019Astorga, Manuel and Josep Pla came alive thanks to performances of our orchestra.<\/p>\n<p>In 2011 the Orchestra Barroca Catalana wins the prix of Enderrock Classica for its recording of the religious musical work of Josep and Manuel Pla for solo voice and orchestra.<\/p>\n\t\t\t\t\t\t\t\t<\/div>\n\t\t\t\t<\/div>\n\t\t\t\t<div class=\"elementor-element elementor-element-09db286 btn--secondary elementor-widget elementor-widget-button\" data-id=\"09db286\" data-element_type=\"widget\" data-e-type=\"widget\" data-widget_type=\"button.default\">\n\t\t\t\t<div class=\"elementor-widget-container\">\n\t\t\t\t\t\t\t\t\t<div class=\"elementor-button-wrapper\">\n\t\t\t\t\t<a class=\"elementor-button elementor-button-link elementor-size-sm\" href=\"https:\/\/orquestrabarrocacatalana.cat\/wp-content\/uploads\/2024\/09\/OrqBarrocaCatalana.pdf\">\n\t\t\t\t\t\t<span class=\"elementor-button-content-wrapper\">\n\t\t\t\t\t\t<span class=\"elementor-button-icon\">\n\t\t\t\t<i aria-hidden=\"true\" class=\"far fa-file-pdf\"><\/i>\t\t\t<\/span>\n\t\t\t\t\t\t\t\t\t<span class=\"elementor-button-text\">Press kit<\/span>\n\t\t\t\t\t<\/span>\n\t\t\t\t\t<\/a>\n\t\t\t\t<\/div>\n\t\t\t\t\t\t\t\t<\/div>\n\t\t\t\t<\/div>\n\t\t\t\t<\/div>\n\t\t\t\t\t<\/div>\n\t\t\t\t<\/div>\n\t\t\t\t<\/div>\n\t\t","protected":false},"excerpt":{"rendered":"<p>Orquestra Barroca Catalana \u00b7 About us Musical director: Santi Aubert Vayreda The Orchestra Barroca Catalana was born in 1993 with the purpose of disseminating and rediscovering ancient music of the XVII and XVIII Centuries through its performances of instrumental, opera and religious music. Our classical and baroque programs are tailored to each artistic proposal. All [&hellip;]<\/p>\n","protected":false},"author":2,"featured_media":0,"parent":0,"menu_order":0,"comment_status":"closed","ping_status":"closed","template":"","meta":{"_acf_changed":false,"footnotes":""},"class_list":["post-4446","page","type-page","status-publish","hentry"],"acf":[],"yoast_head":"<!-- This site is optimized with the Yoast SEO plugin v27.6 - https:\/\/yoast.com\/product\/yoast-seo-wordpress\/ -->\n<title>About us - Orquestra Barroca Catalana<\/title>\n<meta name=\"robots\" content=\"index, follow, max-snippet:-1, max-image-preview:large, max-video-preview:-1\" \/>\n<link rel=\"canonical\" href=\"https:\/\/orquestrabarrocacatalana.cat\/historia\/\" \/>\n<meta property=\"og:locale\" content=\"en_US\" \/>\n<meta property=\"og:type\" content=\"article\" \/>\n<meta property=\"og:title\" content=\"About us - Orquestra Barroca Catalana\" \/>\n<meta property=\"og:description\" content=\"Orquestra Barroca Catalana \u00b7 About us Musical director: Santi Aubert Vayreda The Orchestra Barroca Catalana was born in 1993 with the purpose of disseminating and rediscovering ancient music of the XVII and XVIII Centuries through its performances of instrumental, opera and religious music. Our classical and baroque programs are tailored to each artistic proposal. All [&hellip;]\" \/>\n<meta property=\"og:url\" content=\"https:\/\/orquestrabarrocacatalana.cat\/historia\/\" \/>\n<meta property=\"og:site_name\" content=\"Orquestra Barroca Catalana\" \/>\n<meta property=\"article:publisher\" content=\"https:\/\/www.facebook.com\/OrquestraBarrocaCatalana?ref=hl\" \/>\n<meta property=\"article:modified_time\" content=\"2024-10-05T23:02:09+00:00\" \/>\n<meta property=\"og:image\" content=\"https:\/\/orquestrabarrocacatalana.cat\/wp-content\/uploads\/2024\/10\/Barrocat-placa-Sant-Felip-Neri-1024x673.jpg\" \/>\n<meta name=\"twitter:card\" content=\"summary_large_image\" \/>\n<meta name=\"twitter:site\" content=\"@obarroca\" \/>\n<meta name=\"twitter:label1\" content=\"Est. reading time\" \/>\n\t<meta name=\"twitter:data1\" content=\"2 minutes\" \/>\n<script type=\"application\/ld+json\" class=\"yoast-schema-graph\">{\"@context\":\"https:\\\/\\\/schema.org\",\"@graph\":[{\"@type\":\"WebPage\",\"@id\":\"https:\\\/\\\/orquestrabarrocacatalana.cat\\\/historia\\\/\",\"url\":\"https:\\\/\\\/orquestrabarrocacatalana.cat\\\/historia\\\/\",\"name\":\"About us - Orquestra Barroca Catalana\",\"isPartOf\":{\"@id\":\"https:\\\/\\\/orquestrabarrocacatalana.cat\\\/#website\"},\"primaryImageOfPage\":{\"@id\":\"https:\\\/\\\/orquestrabarrocacatalana.cat\\\/historia\\\/#primaryimage\"},\"image\":{\"@id\":\"https:\\\/\\\/orquestrabarrocacatalana.cat\\\/historia\\\/#primaryimage\"},\"thumbnailUrl\":\"https:\\\/\\\/orquestrabarrocacatalana.cat\\\/wp-content\\\/uploads\\\/2024\\\/10\\\/Barrocat-placa-Sant-Felip-Neri-1024x673.jpg\",\"datePublished\":\"2024-09-03T13:08:20+00:00\",\"dateModified\":\"2024-10-05T23:02:09+00:00\",\"breadcrumb\":{\"@id\":\"https:\\\/\\\/orquestrabarrocacatalana.cat\\\/historia\\\/#breadcrumb\"},\"inLanguage\":\"en-US\",\"potentialAction\":[{\"@type\":\"ReadAction\",\"target\":[\"https:\\\/\\\/orquestrabarrocacatalana.cat\\\/historia\\\/\"]}]},{\"@type\":\"ImageObject\",\"inLanguage\":\"en-US\",\"@id\":\"https:\\\/\\\/orquestrabarrocacatalana.cat\\\/historia\\\/#primaryimage\",\"url\":\"https:\\\/\\\/orquestrabarrocacatalana.cat\\\/wp-content\\\/uploads\\\/2024\\\/10\\\/Barrocat-placa-Sant-Felip-Neri-1024x673.jpg\",\"contentUrl\":\"https:\\\/\\\/orquestrabarrocacatalana.cat\\\/wp-content\\\/uploads\\\/2024\\\/10\\\/Barrocat-placa-Sant-Felip-Neri-1024x673.jpg\"},{\"@type\":\"BreadcrumbList\",\"@id\":\"https:\\\/\\\/orquestrabarrocacatalana.cat\\\/historia\\\/#breadcrumb\",\"itemListElement\":[{\"@type\":\"ListItem\",\"position\":1,\"name\":\"Inici\",\"item\":\"https:\\\/\\\/orquestrabarrocacatalana.cat\\\/\"},{\"@type\":\"ListItem\",\"position\":2,\"name\":\"About us\"}]},{\"@type\":\"WebSite\",\"@id\":\"https:\\\/\\\/orquestrabarrocacatalana.cat\\\/#website\",\"url\":\"https:\\\/\\\/orquestrabarrocacatalana.cat\\\/\",\"name\":\"Orquestra Barroca Catalana\",\"description\":\"Divulgar i recuperar repertori dels segles XVII i XVIII, tot interpretant m\u00fasica instrumental, oper\u00edstica i religiosa\",\"publisher\":{\"@id\":\"https:\\\/\\\/orquestrabarrocacatalana.cat\\\/#organization\"},\"potentialAction\":[{\"@type\":\"SearchAction\",\"target\":{\"@type\":\"EntryPoint\",\"urlTemplate\":\"https:\\\/\\\/orquestrabarrocacatalana.cat\\\/?s={search_term_string}\"},\"query-input\":{\"@type\":\"PropertyValueSpecification\",\"valueRequired\":true,\"valueName\":\"search_term_string\"}}],\"inLanguage\":\"en-US\"},{\"@type\":\"Organization\",\"@id\":\"https:\\\/\\\/orquestrabarrocacatalana.cat\\\/#organization\",\"name\":\"Orquestra Barroca Catalana\",\"url\":\"https:\\\/\\\/orquestrabarrocacatalana.cat\\\/\",\"logo\":{\"@type\":\"ImageObject\",\"inLanguage\":\"en-US\",\"@id\":\"https:\\\/\\\/orquestrabarrocacatalana.cat\\\/#\\\/schema\\\/logo\\\/image\\\/\",\"url\":\"https:\\\/\\\/orquestrabarrocacatalana.cat\\\/wp-content\\\/uploads\\\/2022\\\/05\\\/logo-orquestra-barroca.png\",\"contentUrl\":\"https:\\\/\\\/orquestrabarrocacatalana.cat\\\/wp-content\\\/uploads\\\/2022\\\/05\\\/logo-orquestra-barroca.png\",\"width\":413,\"height\":108,\"caption\":\"Orquestra Barroca Catalana\"},\"image\":{\"@id\":\"https:\\\/\\\/orquestrabarrocacatalana.cat\\\/#\\\/schema\\\/logo\\\/image\\\/\"},\"sameAs\":[\"https:\\\/\\\/www.facebook.com\\\/OrquestraBarrocaCatalana?ref=hl\",\"https:\\\/\\\/x.com\\\/obarroca\",\"https:\\\/\\\/www.instagram.com\\\/orquestrabarroca\\\/\",\"https:\\\/\\\/www.youtube.com\\\/user\\\/orquestrabarroca\"]}]}<\/script>\n<!-- \/ Yoast SEO plugin. -->","yoast_head_json":{"title":"About us - Orquestra Barroca Catalana","robots":{"index":"index","follow":"follow","max-snippet":"max-snippet:-1","max-image-preview":"max-image-preview:large","max-video-preview":"max-video-preview:-1"},"canonical":"https:\/\/orquestrabarrocacatalana.cat\/historia\/","og_locale":"en_US","og_type":"article","og_title":"About us - Orquestra Barroca Catalana","og_description":"Orquestra Barroca Catalana \u00b7 About us Musical director: Santi Aubert Vayreda The Orchestra Barroca Catalana was born in 1993 with the purpose of disseminating and rediscovering ancient music of the XVII and XVIII Centuries through its performances of instrumental, opera and religious music. Our classical and baroque programs are tailored to each artistic proposal. All [&hellip;]","og_url":"https:\/\/orquestrabarrocacatalana.cat\/historia\/","og_site_name":"Orquestra Barroca Catalana","article_publisher":"https:\/\/www.facebook.com\/OrquestraBarrocaCatalana?ref=hl","article_modified_time":"2024-10-05T23:02:09+00:00","og_image":[{"url":"https:\/\/orquestrabarrocacatalana.cat\/wp-content\/uploads\/2024\/10\/Barrocat-placa-Sant-Felip-Neri-1024x673.jpg","type":"","width":"","height":""}],"twitter_card":"summary_large_image","twitter_site":"@obarroca","twitter_misc":{"Est. reading time":"2 minutes"},"schema":{"@context":"https:\/\/schema.org","@graph":[{"@type":"WebPage","@id":"https:\/\/orquestrabarrocacatalana.cat\/historia\/","url":"https:\/\/orquestrabarrocacatalana.cat\/historia\/","name":"About us - Orquestra Barroca Catalana","isPartOf":{"@id":"https:\/\/orquestrabarrocacatalana.cat\/#website"},"primaryImageOfPage":{"@id":"https:\/\/orquestrabarrocacatalana.cat\/historia\/#primaryimage"},"image":{"@id":"https:\/\/orquestrabarrocacatalana.cat\/historia\/#primaryimage"},"thumbnailUrl":"https:\/\/orquestrabarrocacatalana.cat\/wp-content\/uploads\/2024\/10\/Barrocat-placa-Sant-Felip-Neri-1024x673.jpg","datePublished":"2024-09-03T13:08:20+00:00","dateModified":"2024-10-05T23:02:09+00:00","breadcrumb":{"@id":"https:\/\/orquestrabarrocacatalana.cat\/historia\/#breadcrumb"},"inLanguage":"en-US","potentialAction":[{"@type":"ReadAction","target":["https:\/\/orquestrabarrocacatalana.cat\/historia\/"]}]},{"@type":"ImageObject","inLanguage":"en-US","@id":"https:\/\/orquestrabarrocacatalana.cat\/historia\/#primaryimage","url":"https:\/\/orquestrabarrocacatalana.cat\/wp-content\/uploads\/2024\/10\/Barrocat-placa-Sant-Felip-Neri-1024x673.jpg","contentUrl":"https:\/\/orquestrabarrocacatalana.cat\/wp-content\/uploads\/2024\/10\/Barrocat-placa-Sant-Felip-Neri-1024x673.jpg"},{"@type":"BreadcrumbList","@id":"https:\/\/orquestrabarrocacatalana.cat\/historia\/#breadcrumb","itemListElement":[{"@type":"ListItem","position":1,"name":"Inici","item":"https:\/\/orquestrabarrocacatalana.cat\/"},{"@type":"ListItem","position":2,"name":"About us"}]},{"@type":"WebSite","@id":"https:\/\/orquestrabarrocacatalana.cat\/#website","url":"https:\/\/orquestrabarrocacatalana.cat\/","name":"Orquestra Barroca Catalana","description":"Divulgar i recuperar repertori dels segles XVII i XVIII, tot interpretant m\u00fasica instrumental, oper\u00edstica i religiosa","publisher":{"@id":"https:\/\/orquestrabarrocacatalana.cat\/#organization"},"potentialAction":[{"@type":"SearchAction","target":{"@type":"EntryPoint","urlTemplate":"https:\/\/orquestrabarrocacatalana.cat\/?s={search_term_string}"},"query-input":{"@type":"PropertyValueSpecification","valueRequired":true,"valueName":"search_term_string"}}],"inLanguage":"en-US"},{"@type":"Organization","@id":"https:\/\/orquestrabarrocacatalana.cat\/#organization","name":"Orquestra Barroca Catalana","url":"https:\/\/orquestrabarrocacatalana.cat\/","logo":{"@type":"ImageObject","inLanguage":"en-US","@id":"https:\/\/orquestrabarrocacatalana.cat\/#\/schema\/logo\/image\/","url":"https:\/\/orquestrabarrocacatalana.cat\/wp-content\/uploads\/2022\/05\/logo-orquestra-barroca.png","contentUrl":"https:\/\/orquestrabarrocacatalana.cat\/wp-content\/uploads\/2022\/05\/logo-orquestra-barroca.png","width":413,"height":108,"caption":"Orquestra Barroca Catalana"},"image":{"@id":"https:\/\/orquestrabarrocacatalana.cat\/#\/schema\/logo\/image\/"},"sameAs":["https:\/\/www.facebook.com\/OrquestraBarrocaCatalana?ref=hl","https:\/\/x.com\/obarroca","https:\/\/www.instagram.com\/orquestrabarroca\/","https:\/\/www.youtube.com\/user\/orquestrabarroca"]}]}},"_links":{"self":[{"href":"https:\/\/orquestrabarrocacatalana.cat\/en\/wp-json\/wp\/v2\/pages\/4446","targetHints":{"allow":["GET"]}}],"collection":[{"href":"https:\/\/orquestrabarrocacatalana.cat\/en\/wp-json\/wp\/v2\/pages"}],"about":[{"href":"https:\/\/orquestrabarrocacatalana.cat\/en\/wp-json\/wp\/v2\/types\/page"}],"author":[{"embeddable":true,"href":"https:\/\/orquestrabarrocacatalana.cat\/en\/wp-json\/wp\/v2\/users\/2"}],"replies":[{"embeddable":true,"href":"https:\/\/orquestrabarrocacatalana.cat\/en\/wp-json\/wp\/v2\/comments?post=4446"}],"version-history":[{"count":0,"href":"https:\/\/orquestrabarrocacatalana.cat\/en\/wp-json\/wp\/v2\/pages\/4446\/revisions"}],"wp:attachment":[{"href":"https:\/\/orquestrabarrocacatalana.cat\/en\/wp-json\/wp\/v2\/media?parent=4446"}],"curies":[{"name":"wp","href":"https:\/\/api.w.org\/{rel}","templated":true}]}}