{"id":4623,"date":"2022-05-06T17:27:05","date_gmt":"2022-05-06T15:27:05","guid":{"rendered":"https:\/\/orquestrabarrocacatalana.cat\/nota-legal\/"},"modified":"2024-09-17T19:28:51","modified_gmt":"2024-09-17T17:28:51","slug":"nota-legal","status":"publish","type":"page","link":"https:\/\/orquestrabarrocacatalana.cat\/es\/nota-legal\/","title":{"rendered":"Nota legal"},"content":{"rendered":"\t\t<div data-elementor-type=\"wp-page\" data-elementor-id=\"4623\" class=\"elementor elementor-4623 elementor-1027\" data-elementor-post-type=\"page\">\n\t\t\t\t<header class=\"elementor-element elementor-element-0a43d03 page-header e-flex e-con-boxed e-con e-parent\" data-id=\"0a43d03\" data-element_type=\"container\" data-e-type=\"container\">\n\t\t\t\t\t<div class=\"e-con-inner\">\n\t\t<div class=\"elementor-element elementor-element-932edb7 e-con-full e-flex e-con e-child\" data-id=\"932edb7\" data-element_type=\"container\" data-e-type=\"container\">\n\t\t\t\t<\/div>\n\t\t<div class=\"elementor-element elementor-element-6a37313 e-con-full e-flex e-con e-child\" data-id=\"6a37313\" data-element_type=\"container\" data-e-type=\"container\">\n\t\t\t\t<div class=\"elementor-element elementor-element-935aa6f h3 elementor-widget elementor-widget-heading\" data-id=\"935aa6f\" data-element_type=\"widget\" data-e-type=\"widget\" data-widget_type=\"heading.default\">\n\t\t\t\t<div class=\"elementor-widget-container\">\n\t\t\t\t\t<h1 class=\"elementor-heading-title elementor-size-default\">Orquestra Barroca Catalana \u00b7 Nota legal<\/h1>\t\t\t\t<\/div>\n\t\t\t\t<\/div>\n\t\t\t\t<\/div>\n\t\t\t\t\t<\/div>\n\t\t\t\t<\/header>\n\t\t<div class=\"elementor-element elementor-element-bf68c3f section-color-transparent e-flex e-con-boxed e-con e-parent\" data-id=\"bf68c3f\" data-element_type=\"container\" data-e-type=\"container\">\n\t\t\t\t\t<div class=\"e-con-inner\">\n\t\t<div class=\"elementor-element elementor-element-5fd852f e-con-full e-flex e-con e-child\" data-id=\"5fd852f\" data-element_type=\"container\" data-e-type=\"container\">\n\t\t\t\t<\/div>\n\t\t<div class=\"elementor-element elementor-element-890501a e-con-full txt-legal e-flex e-con e-child\" data-id=\"890501a\" data-element_type=\"container\" data-e-type=\"container\">\n\t\t\t\t<div class=\"elementor-element elementor-element-426c1f4 elementor-widget elementor-widget-text-editor\" data-id=\"426c1f4\" data-element_type=\"widget\" data-e-type=\"widget\" data-widget_type=\"text-editor.default\">\n\t\t\t\t<div class=\"elementor-widget-container\">\n\t\t\t\t\t\t\t\t\t<h2>OBJECTE<\/h2>\n<p>El prestador, responsable del lloc web, posa a la disposici\u00f3 dels usuaris el present document amb el qual pret\u00e9n acomplir a les obligacions disposades en la Llei 34\/2002, de Serveis de la Societat de la Informaci\u00f3 i del Comer\u00e7 Electr\u00f2nic (LSSI-CE), aix\u00ed com informar a tots els usuaris del lloc web respecte a quins s\u00f3n les condicions d&#8217;\u00fas del lloc web. Tota persona que accedeixi a aquest lloc web assumeix el paper d&#8217;usuari, comprometent-se a l&#8217;observan\u00e7a i compliment rigor\u00f3s de les disposicions aqu\u00ed disposades, aix\u00ed com a qualsevol altra disposici\u00f3 legal que fos aplicable. El prestador es reserva el dret a modificar qualsevol tipus d&#8217;informaci\u00f3 que pogu\u00e9s apar\u00e8ixer en el lloc web, sense que existeixi obligaci\u00f3 de preavisar o posar en coneixement dels usuaris aquestes obligacions, entenent-se com a suficient amb la publicaci\u00f3 en el lloc web del prestador.<\/p>\n<h2>RESPONSABILITAT<\/h2>\n<p>El prestador s&#8217;eximeix de qualsevol tipus de responsabilitat derivada de la informaci\u00f3 publicada en el seu lloc web, sempre que aquesta informaci\u00f3 hagi estat manipulada o introdu\u00efda per un tercer ali\u00e8 al mateix. El lloc web del prestador pot utilitzar cookies (petits arxius d&#8217;informaci\u00f3 que el servidor envia a l&#8217;ordinador de qui accedeix a la p\u00e0gina) per dur a terme determinades funcions que s\u00f3n considerades imprescindibles per al correcte funcionament i visualitzaci\u00f3 del lloc. Les cookies utilitzades en el lloc web tenen, en tot cas, car\u00e0cter temporal amb l&#8217;\u00fanica finalitat de fer m\u00e9s efica\u00e7 la seva transmissi\u00f3 ulterior i desapareixen en acabar la sessi\u00f3 de l&#8217;usuari. En cap cas s&#8217;utilitzaran les cookies per recollir informaci\u00f3 de car\u00e0cter personal. Des del lloc web del client \u00e9s possible que es redirigeixi a continguts de tercers llocs web. At\u00e8s que el prestador no pot controlar sempre els continguts introdu\u00efts pels tercers en els seus llocs web, aquest no assumeix cap tipus de responsabilitat respecte a aquests continguts. En tot cas, el prestador manifesta que procedir\u00e0 a la retirada immediata de qualsevol contingut que pogu\u00e9s contravenir la legislaci\u00f3 nacional o internacional, la moral o l&#8217;ordre p\u00fablic, procedint a la retirada immediata de la redirecci\u00f3 a aquest lloc web, posant en coneixement de les autoritats competents el contingut en q\u00fcesti\u00f3. El prestador no es fa responsable de la informaci\u00f3 i continguts emmagatzemats, a t\u00edtol enunciatiu per\u00f2 no limitatiu, en f\u00f2rums, xats, generadors de blogs, comentaris, xarxes socials o qualsevol altre mitj\u00e0 que permeti a tercers publicar continguts de forma independent a la p\u00e0gina web del prestador. No obstant aix\u00f2 i en compliment del que es disposa en l&#8217;art. 11 i 16 de la LSSI-CE, el prestador es posa a la disposici\u00f3 de tots els usuaris, autoritats i forces de seguretat, i col\u00b7laborant de forma activa en la retirada o si escau bloqueig de tots aquells continguts que poguessin afectar o contravenir la legislaci\u00f3 nacional, o internacional, drets de tercers o la moral i l&#8217;ordre p\u00fablic. En cas que l&#8217;usuari consideri que existeix en el lloc web algun contingut que pogu\u00e9s ser susceptible d&#8217;aquesta classificaci\u00f3, es prega que el notifiqui de forma immediata a l&#8217;administrador del lloc web.<\/p>\n<h2>PROTECCI\u00d3 DE DADES PERSONALS<\/h2>\n<p>El prestador es troba profundament comprom\u00e8s amb el compliment de la normativa espanyola de protecci\u00f3 de dades de car\u00e0cter personal, i garanteix el compliment \u00edntegre de les obligacions disposades, aix\u00ed com la implementaci\u00f3 de les mesures de seguretat disposades en l&#8217;art. 9 de la Llei 15\/1999, de Protecci\u00f3 de Dades de Car\u00e0cter Personal (LOPD) i en el Reglament de Desenvolupament de la LOPD. El prestador posa a la disposici\u00f3 dels usuaris la Pol\u00edtica de Privadesa de l&#8217;entitat informant els usuaris respecte als seg\u00fcents aspectes:<\/p>\n<p>Dades del Responsable del tractament, dades tractades, fitxer en el qual s&#8217;emmagatzemen, finalitat del tractament, obligatorietat o no de facilitar-los, aix\u00ed com les conseq\u00fc\u00e8ncies en cas de no facilitar-los.<\/p>\n<h2>PROPIETAT INTEL\u00b7LECTUAL I INDUSTRIAL<\/h2>\n<p>El lloc web, incloent-hi a t\u00edtol enunciatiu per\u00f2 no limitatiu la seva programaci\u00f3, edici\u00f3, compilaci\u00f3 i altres elements necessaris per al seu funcionament, els dissenys, logotips, text i\/o gr\u00e0fics s\u00f3n propietat del prestador o si escau, disposa de llic\u00e8ncia o autoritzaci\u00f3 expressa per part dels autors. Tots els continguts del lloc web es troben degudament protegits per la normativa de propietat intel\u00b7lectual i industrial, aix\u00ed com inscrits en els registres p\u00fablics corresponents. Independentment de la finalitat per la qual anessin destinats, la reproducci\u00f3 total o parcial, \u00fas, explotaci\u00f3, distribuci\u00f3 i comercialitzaci\u00f3, requereix en tot cas de l&#8217;autoritzaci\u00f3 escrita pr\u00e8via per part del prestador. Qualsevol \u00fas no autoritzat pr\u00e8viament per part del prestador ser\u00e0 considerat un incompliment greu dels drets de propietat intel\u00b7lectual o industrial de l&#8217;autor. Els dissenys, logotips, text i\/o gr\u00e0fics aliens al prestador i que poguessin apar\u00e8ixer en el lloc web, pertanyen als seus respectius propietaris, sent ells mateixos responsables de qualsevol possible controv\u00e8rsia que pogu\u00e9s suscitar-se respecte als mateixos. En tot cas, el prestador compta amb l&#8217;autoritzaci\u00f3 expressa i pr\u00e8via per part d&#8217;aquests.<\/p>\n<h2>LLEI APLICABLE I JURISDICCI\u00d3<\/h2>\n<p>Per a la resoluci\u00f3 de totes les controv\u00e8rsies o q\u00fcestions relacionades amb el present lloc web o de les activitats en ell desenvolupades, ser\u00e0 aplicable la legislaci\u00f3 espanyola, a la qual se sotmeten expressament les parts, sent competents per a la resoluci\u00f3 de tots els conflictes derivats o relacionats amb el seu \u00fas els Jutjats i Tribunals de Barcelona.<\/p>\n<p>Orquestra Barroca Catalana (Associaci\u00f3)<br \/>C\/ Trullols 1-3 08035 Barcelona<\/p>\n\t\t\t\t\t\t\t\t<\/div>\n\t\t\t\t<\/div>\n\t\t\t\t<\/div>\n\t\t\t\t\t<\/div>\n\t\t\t\t<\/div>\n\t\t\t\t<\/div>\n\t\t","protected":false},"excerpt":{"rendered":"<p>Orquestra Barroca Catalana \u00b7 Nota legal OBJECTE El prestador, responsable del lloc web, posa a la disposici\u00f3 dels usuaris el present document amb el qual pret\u00e9n acomplir a les obligacions disposades en la Llei 34\/2002, de Serveis de la Societat de la Informaci\u00f3 i del Comer\u00e7 Electr\u00f2nic (LSSI-CE), aix\u00ed com informar a tots els usuaris [&hellip;]<\/p>\n","protected":false},"author":2,"featured_media":0,"parent":0,"menu_order":0,"comment_status":"closed","ping_status":"closed","template":"","meta":{"_acf_changed":false,"footnotes":""},"class_list":["post-4623","page","type-page","status-publish","hentry"],"acf":[],"yoast_head":"<!-- This site is optimized with the Yoast SEO plugin v27.6 - https:\/\/yoast.com\/product\/yoast-seo-wordpress\/ -->\n<title>Nota legal - Orquestra Barroca Catalana<\/title>\n<meta name=\"robots\" content=\"index, follow, max-snippet:-1, max-image-preview:large, max-video-preview:-1\" \/>\n<link rel=\"canonical\" href=\"https:\/\/orquestrabarrocacatalana.cat\/nota-legal\/\" \/>\n<meta property=\"og:locale\" content=\"es_ES\" \/>\n<meta property=\"og:type\" content=\"article\" \/>\n<meta property=\"og:title\" content=\"Nota legal - Orquestra Barroca Catalana\" \/>\n<meta property=\"og:description\" content=\"Orquestra Barroca Catalana \u00b7 Nota legal OBJECTE El prestador, responsable del lloc web, posa a la disposici\u00f3 dels usuaris el present document amb el qual pret\u00e9n acomplir a les obligacions disposades en la Llei 34\/2002, de Serveis de la Societat de la Informaci\u00f3 i del Comer\u00e7 Electr\u00f2nic (LSSI-CE), aix\u00ed com informar a tots els usuaris [&hellip;]\" \/>\n<meta property=\"og:url\" content=\"https:\/\/orquestrabarrocacatalana.cat\/nota-legal\/\" \/>\n<meta property=\"og:site_name\" content=\"Orquestra Barroca Catalana\" \/>\n<meta property=\"article:publisher\" content=\"https:\/\/www.facebook.com\/OrquestraBarrocaCatalana?ref=hl\" \/>\n<meta property=\"article:modified_time\" content=\"2024-09-17T17:28:51+00:00\" \/>\n<meta property=\"og:image\" content=\"https:\/\/orquestrabarrocacatalana.cat\/wp-content\/uploads\/2023\/02\/OBC_logoRGB_fons_blanc.jpg\" \/>\n\t<meta property=\"og:image:width\" content=\"792\" \/>\n\t<meta property=\"og:image:height\" content=\"205\" \/>\n\t<meta property=\"og:image:type\" content=\"image\/jpeg\" \/>\n<meta name=\"twitter:card\" content=\"summary_large_image\" \/>\n<meta name=\"twitter:site\" content=\"@obarroca\" \/>\n<meta name=\"twitter:label1\" content=\"Tiempo de lectura\" \/>\n\t<meta name=\"twitter:data1\" content=\"5 minutos\" \/>\n<script type=\"application\/ld+json\" class=\"yoast-schema-graph\">{\"@context\":\"https:\\\/\\\/schema.org\",\"@graph\":[{\"@type\":\"WebPage\",\"@id\":\"https:\\\/\\\/orquestrabarrocacatalana.cat\\\/nota-legal\\\/\",\"url\":\"https:\\\/\\\/orquestrabarrocacatalana.cat\\\/nota-legal\\\/\",\"name\":\"Nota legal - Orquestra Barroca Catalana\",\"isPartOf\":{\"@id\":\"https:\\\/\\\/orquestrabarrocacatalana.cat\\\/#website\"},\"datePublished\":\"2022-05-06T15:27:05+00:00\",\"dateModified\":\"2024-09-17T17:28:51+00:00\",\"breadcrumb\":{\"@id\":\"https:\\\/\\\/orquestrabarrocacatalana.cat\\\/nota-legal\\\/#breadcrumb\"},\"inLanguage\":\"es\",\"potentialAction\":[{\"@type\":\"ReadAction\",\"target\":[\"https:\\\/\\\/orquestrabarrocacatalana.cat\\\/nota-legal\\\/\"]}]},{\"@type\":\"BreadcrumbList\",\"@id\":\"https:\\\/\\\/orquestrabarrocacatalana.cat\\\/nota-legal\\\/#breadcrumb\",\"itemListElement\":[{\"@type\":\"ListItem\",\"position\":1,\"name\":\"Inici\",\"item\":\"https:\\\/\\\/orquestrabarrocacatalana.cat\\\/\"},{\"@type\":\"ListItem\",\"position\":2,\"name\":\"Nota legal\"}]},{\"@type\":\"WebSite\",\"@id\":\"https:\\\/\\\/orquestrabarrocacatalana.cat\\\/#website\",\"url\":\"https:\\\/\\\/orquestrabarrocacatalana.cat\\\/\",\"name\":\"Orquestra Barroca Catalana\",\"description\":\"Divulgar i recuperar repertori dels segles XVII i XVIII, tot interpretant m\u00fasica instrumental, oper\u00edstica i religiosa\",\"publisher\":{\"@id\":\"https:\\\/\\\/orquestrabarrocacatalana.cat\\\/#organization\"},\"potentialAction\":[{\"@type\":\"SearchAction\",\"target\":{\"@type\":\"EntryPoint\",\"urlTemplate\":\"https:\\\/\\\/orquestrabarrocacatalana.cat\\\/?s={search_term_string}\"},\"query-input\":{\"@type\":\"PropertyValueSpecification\",\"valueRequired\":true,\"valueName\":\"search_term_string\"}}],\"inLanguage\":\"es\"},{\"@type\":\"Organization\",\"@id\":\"https:\\\/\\\/orquestrabarrocacatalana.cat\\\/#organization\",\"name\":\"Orquestra Barroca Catalana\",\"url\":\"https:\\\/\\\/orquestrabarrocacatalana.cat\\\/\",\"logo\":{\"@type\":\"ImageObject\",\"inLanguage\":\"es\",\"@id\":\"https:\\\/\\\/orquestrabarrocacatalana.cat\\\/#\\\/schema\\\/logo\\\/image\\\/\",\"url\":\"https:\\\/\\\/orquestrabarrocacatalana.cat\\\/wp-content\\\/uploads\\\/2022\\\/05\\\/logo-orquestra-barroca.png\",\"contentUrl\":\"https:\\\/\\\/orquestrabarrocacatalana.cat\\\/wp-content\\\/uploads\\\/2022\\\/05\\\/logo-orquestra-barroca.png\",\"width\":413,\"height\":108,\"caption\":\"Orquestra Barroca Catalana\"},\"image\":{\"@id\":\"https:\\\/\\\/orquestrabarrocacatalana.cat\\\/#\\\/schema\\\/logo\\\/image\\\/\"},\"sameAs\":[\"https:\\\/\\\/www.facebook.com\\\/OrquestraBarrocaCatalana?ref=hl\",\"https:\\\/\\\/x.com\\\/obarroca\",\"https:\\\/\\\/www.instagram.com\\\/orquestrabarroca\\\/\",\"https:\\\/\\\/www.youtube.com\\\/user\\\/orquestrabarroca\"]}]}<\/script>\n<!-- \/ Yoast SEO plugin. -->","yoast_head_json":{"title":"Nota legal - Orquestra Barroca Catalana","robots":{"index":"index","follow":"follow","max-snippet":"max-snippet:-1","max-image-preview":"max-image-preview:large","max-video-preview":"max-video-preview:-1"},"canonical":"https:\/\/orquestrabarrocacatalana.cat\/nota-legal\/","og_locale":"es_ES","og_type":"article","og_title":"Nota legal - Orquestra Barroca Catalana","og_description":"Orquestra Barroca Catalana \u00b7 Nota legal OBJECTE El prestador, responsable del lloc web, posa a la disposici\u00f3 dels usuaris el present document amb el qual pret\u00e9n acomplir a les obligacions disposades en la Llei 34\/2002, de Serveis de la Societat de la Informaci\u00f3 i del Comer\u00e7 Electr\u00f2nic (LSSI-CE), aix\u00ed com informar a tots els usuaris [&hellip;]","og_url":"https:\/\/orquestrabarrocacatalana.cat\/nota-legal\/","og_site_name":"Orquestra Barroca Catalana","article_publisher":"https:\/\/www.facebook.com\/OrquestraBarrocaCatalana?ref=hl","article_modified_time":"2024-09-17T17:28:51+00:00","og_image":[{"width":792,"height":205,"url":"https:\/\/orquestrabarrocacatalana.cat\/wp-content\/uploads\/2023\/02\/OBC_logoRGB_fons_blanc.jpg","type":"image\/jpeg"}],"twitter_card":"summary_large_image","twitter_site":"@obarroca","twitter_misc":{"Tiempo de lectura":"5 minutos"},"schema":{"@context":"https:\/\/schema.org","@graph":[{"@type":"WebPage","@id":"https:\/\/orquestrabarrocacatalana.cat\/nota-legal\/","url":"https:\/\/orquestrabarrocacatalana.cat\/nota-legal\/","name":"Nota legal - Orquestra Barroca Catalana","isPartOf":{"@id":"https:\/\/orquestrabarrocacatalana.cat\/#website"},"datePublished":"2022-05-06T15:27:05+00:00","dateModified":"2024-09-17T17:28:51+00:00","breadcrumb":{"@id":"https:\/\/orquestrabarrocacatalana.cat\/nota-legal\/#breadcrumb"},"inLanguage":"es","potentialAction":[{"@type":"ReadAction","target":["https:\/\/orquestrabarrocacatalana.cat\/nota-legal\/"]}]},{"@type":"BreadcrumbList","@id":"https:\/\/orquestrabarrocacatalana.cat\/nota-legal\/#breadcrumb","itemListElement":[{"@type":"ListItem","position":1,"name":"Inici","item":"https:\/\/orquestrabarrocacatalana.cat\/"},{"@type":"ListItem","position":2,"name":"Nota legal"}]},{"@type":"WebSite","@id":"https:\/\/orquestrabarrocacatalana.cat\/#website","url":"https:\/\/orquestrabarrocacatalana.cat\/","name":"Orquestra Barroca Catalana","description":"Divulgar i recuperar repertori dels segles XVII i XVIII, tot interpretant m\u00fasica instrumental, oper\u00edstica i religiosa","publisher":{"@id":"https:\/\/orquestrabarrocacatalana.cat\/#organization"},"potentialAction":[{"@type":"SearchAction","target":{"@type":"EntryPoint","urlTemplate":"https:\/\/orquestrabarrocacatalana.cat\/?s={search_term_string}"},"query-input":{"@type":"PropertyValueSpecification","valueRequired":true,"valueName":"search_term_string"}}],"inLanguage":"es"},{"@type":"Organization","@id":"https:\/\/orquestrabarrocacatalana.cat\/#organization","name":"Orquestra Barroca Catalana","url":"https:\/\/orquestrabarrocacatalana.cat\/","logo":{"@type":"ImageObject","inLanguage":"es","@id":"https:\/\/orquestrabarrocacatalana.cat\/#\/schema\/logo\/image\/","url":"https:\/\/orquestrabarrocacatalana.cat\/wp-content\/uploads\/2022\/05\/logo-orquestra-barroca.png","contentUrl":"https:\/\/orquestrabarrocacatalana.cat\/wp-content\/uploads\/2022\/05\/logo-orquestra-barroca.png","width":413,"height":108,"caption":"Orquestra Barroca Catalana"},"image":{"@id":"https:\/\/orquestrabarrocacatalana.cat\/#\/schema\/logo\/image\/"},"sameAs":["https:\/\/www.facebook.com\/OrquestraBarrocaCatalana?ref=hl","https:\/\/x.com\/obarroca","https:\/\/www.instagram.com\/orquestrabarroca\/","https:\/\/www.youtube.com\/user\/orquestrabarroca"]}]}},"_links":{"self":[{"href":"https:\/\/orquestrabarrocacatalana.cat\/es\/wp-json\/wp\/v2\/pages\/4623","targetHints":{"allow":["GET"]}}],"collection":[{"href":"https:\/\/orquestrabarrocacatalana.cat\/es\/wp-json\/wp\/v2\/pages"}],"about":[{"href":"https:\/\/orquestrabarrocacatalana.cat\/es\/wp-json\/wp\/v2\/types\/page"}],"author":[{"embeddable":true,"href":"https:\/\/orquestrabarrocacatalana.cat\/es\/wp-json\/wp\/v2\/users\/2"}],"replies":[{"embeddable":true,"href":"https:\/\/orquestrabarrocacatalana.cat\/es\/wp-json\/wp\/v2\/comments?post=4623"}],"version-history":[{"count":0,"href":"https:\/\/orquestrabarrocacatalana.cat\/es\/wp-json\/wp\/v2\/pages\/4623\/revisions"}],"wp:attachment":[{"href":"https:\/\/orquestrabarrocacatalana.cat\/es\/wp-json\/wp\/v2\/media?parent=4623"}],"curies":[{"name":"wp","href":"https:\/\/api.w.org\/{rel}","templated":true}]}}