{"id":4635,"date":"2022-04-06T09:26:30","date_gmt":"2022-04-06T07:26:30","guid":{"rendered":"https:\/\/orquestrabarrocacatalana.cat\/politica-de-privacidad\/"},"modified":"2024-10-02T16:04:31","modified_gmt":"2024-10-02T14:04:31","slug":"politica-de-privacidad","status":"publish","type":"page","link":"https:\/\/orquestrabarrocacatalana.cat\/es\/politica-de-privacidad\/","title":{"rendered":"Pol\u00edtica de Privacidad"},"content":{"rendered":"\t\t<div data-elementor-type=\"wp-page\" data-elementor-id=\"4635\" class=\"elementor elementor-4635 elementor-3\" data-elementor-post-type=\"page\">\n\t\t\t\t<header class=\"elementor-element elementor-element-c45e131 page-header e-flex e-con-boxed e-con e-parent\" data-id=\"c45e131\" data-element_type=\"container\" data-e-type=\"container\">\n\t\t\t\t\t<div class=\"e-con-inner\">\n\t\t<div class=\"elementor-element elementor-element-3d9a2bd e-con-full e-flex e-con e-child\" data-id=\"3d9a2bd\" data-element_type=\"container\" data-e-type=\"container\">\n\t\t\t\t<\/div>\n\t\t<div class=\"elementor-element elementor-element-eceb0c8 e-con-full e-flex e-con e-child\" data-id=\"eceb0c8\" data-element_type=\"container\" data-e-type=\"container\">\n\t\t\t\t<div class=\"elementor-element elementor-element-a733f9c h3 elementor-widget elementor-widget-heading\" data-id=\"a733f9c\" data-element_type=\"widget\" data-e-type=\"widget\" data-widget_type=\"heading.default\">\n\t\t\t\t<div class=\"elementor-widget-container\">\n\t\t\t\t\t<h1 class=\"elementor-heading-title elementor-size-default\">Orquestra Barroca Catalana \u00b7 Condiciones legales<\/h1>\t\t\t\t<\/div>\n\t\t\t\t<\/div>\n\t\t\t\t<\/div>\n\t\t\t\t\t<\/div>\n\t\t\t\t<\/header>\n\t\t<div class=\"elementor-element elementor-element-9219d6c section-color-transparent e-flex e-con-boxed e-con e-parent\" data-id=\"9219d6c\" data-element_type=\"container\" data-e-type=\"container\">\n\t\t\t\t\t<div class=\"e-con-inner\">\n\t\t<div class=\"elementor-element elementor-element-db61781 e-con-full e-flex e-con e-child\" data-id=\"db61781\" data-element_type=\"container\" data-e-type=\"container\">\n\t\t\t\t<\/div>\n\t\t<div class=\"elementor-element elementor-element-a518fff e-con-full txt-legal e-flex e-con e-child\" data-id=\"a518fff\" data-element_type=\"container\" data-e-type=\"container\">\n\t\t\t\t<div class=\"elementor-element elementor-element-d292705 elementor-widget elementor-widget-text-editor\" data-id=\"d292705\" data-element_type=\"widget\" data-e-type=\"widget\" data-widget_type=\"text-editor.default\">\n\t\t\t\t<div class=\"elementor-widget-container\">\n\t\t\t\t\t\t\t\t\t<h2>POL\u00cdTICA DE PRIVACIDAD Y PROTECCI\u00d3N DE DATOS<\/h2>\r\n<h3>Responsable del tratamiento<\/h3>\r\nIdentidad: Orquestra Barroca Catalana\r\nNIF: G60434487\r\nDirecci\u00f3n social: c\/ Trullols, 1, 08035, Barcelona\r\nCorreo electr\u00f3nico: info@orquestrabarrocacatalana.com\r\n\r\nLa Orquestra Barroca Catalana, de conformidad con lo dispuesto en el Reglamento (UE) 2016\/679 de 27 de abril de 2016 (RGPD) relativo a la protecci\u00f3n de las personas f\u00edsicas en cuanto al tratamiento de datos personales, le informa que tiene implementadas las medidas de seguridad necesarias, tanto t\u00e9cnicas como organizativas, para garantizar y proteger la confidencialidad, integridad y disponibilidad de los datos introducidos.\r\n<h3>Finalidad del tratamiento<\/h3>\r\nMediante la lectura de la presente Pol\u00edtica de Privacidad, usted queda informado sobre la forma en que la Orquestra Barroca Catalana recoge, trata y protege los datos de car\u00e1cter personal que le son facilitados a trav\u00e9s de correos electr\u00f3nicos o formularios en formato papel, recibos de forma presencial.\r\n\r\nSe le informa que los datos personales que usted voluntariamente nos pueda facilitar mediante la cumplimentaci\u00f3n de los correspondientes formularios, ser\u00e1n tratados con confidencialidad y ser\u00e1n dedicados exclusivamente a fines informativos.\r\n\r\nEn funci\u00f3n de las solicitudes de los usuarios, los datos personales recogidos ser\u00e1n tratados \u00fanicamente para las siguientes finalidades:\r\n\r\n&#8211; Env\u00edo de comunicaciones informativas sobre los conciertos de la Orquestra Barroca Catalana.\r\n\u2013 Env\u00edo de informaci\u00f3n de actividades que puedan realizarse, m\u00e1s all\u00e1 de los conciertos, y que se consideren de inter\u00e9s para los usuarios.\r\n&#8211; Env\u00edo de promociones puntuales, descuentos u ofertas beneficiosas para el espectador sobre los conciertos de la Orquestra.\r\n\u2013 Env\u00edo de posibles boletines o newsletters.\r\n&#8211; Notificaci\u00f3n de cambios y\/o desarrollos importantes relacionados con la pol\u00edtica de privacidad, avisos legales o funcionamiento de galletas.\r\nLegitimaci\u00f3n del tratamiento\r\n\r\nCon el fin de poder gestionar y llevar a cabo las acciones anteriormente descritas, la Orquestra Barroca Catalana le informa que ser\u00e1 la responsable del tratamiento de sus datos personales y de la informaci\u00f3n que facilite a la hora de rellenar cualquier formulario en formato papel o electr\u00f3nico disponible en la web.\r\n\r\nLa base legal para el tratamiento de los datos es su consentimiento expl\u00edcito, que se pedir\u00e1 en el momento en que deba marcar la casilla correspondiente del formulario.\r\n\r\nNo facilitar la informaci\u00f3n solicitada o no aceptar esta pol\u00edtica de protecci\u00f3n de datos supone la imposibilidad de suscribirse, registrarse o recibir informaci\u00f3n sobre las actividades de la Orquestra Barroca Catalana.\r\n<h3>Comunicaci\u00f3n de los datos<\/h3>\r\nSus datos personales no ser\u00e1n tratados para ninguna otra finalidad distinta a las descritas salvo por obligaci\u00f3n legal o requerimiento judicial. Tampoco se facilitar\u00e1n nunca a terceros.\r\n\r\nEn caso de que lo desee, podr\u00e1 darse de baja de estas comunicaciones en cualquier momento mediante remisi\u00f3n de su petici\u00f3n a trav\u00e9s del correo electr\u00f3nico: amics@orquestrabarrocacatalana.com\r\n<h3>Criterios de conservaci\u00f3n de los datos<\/h3>\r\nSus datos se conservar\u00e1n de forma indefinida, siempre que exista un inter\u00e9s mutuo por mantenerlos registrados y no se solicite la supresi\u00f3n de la informaci\u00f3n o una limitaci\u00f3n de su tratamiento.\r\n\r\nEn el momento en que ya no sean necesarias para la finalidad para la que fueron adquiridas, se suprimir\u00e1n con las medidas de seguridad adecuadas para garantizar su total seudonimizaci\u00f3n o destrucci\u00f3n.\r\n<h3>Derechos de las personas interesadas<\/h3>\r\nComo miembro de la base de datos de la Orquestra Barroca Catalana usted puede solicitar el ejercicio de los siguientes derechos:\r\n\r\n\u2013 Derecho a retirar el consentimiento prestado en cualquier momento. La retirada del consentimiento no afectar\u00e1 a la licitud del tratamiento efectuado antes de la retirada del consentimiento.\r\n\u2013 Derecho de acceso, rectificaci\u00f3n, limitaci\u00f3n y supresi\u00f3n de sus datos, as\u00ed como a oponerse a su tratamiento.\r\n\u2013 Derecho a presentar reclamaci\u00f3n ante la Autoridad de control (www.agdp.es) si considera que el tratamiento no se ajusta a la normativa vigente.\r\n\r\nPara ejercitar estos derechos deber\u00e1 enviar un correo electr\u00f3nico a amics@orquestrabarrocacatalana.com, indicando su solicitud, su nombre y apellidos y su correo electr\u00f3nico.\r\n<h3>Medidas de seguridad<\/h3>\r\nLos datos que nos facilite se tratar\u00e1n de forma confidencial. La Orquestra Barroca Catalana ha adoptado todas las medidas de protecci\u00f3n necesarias para garantizar la seguridad en el tratamiento de los datos y evitar su alteraci\u00f3n, p\u00e9rdida, robo, tratamiento o acceso no autorizado.\r\nCambios en la presente pol\u00edtica de privacidad\r\n\r\nLa Orquestra Barroca Catalana se reserva el derecho a modificar esta pol\u00edtica para adaptarla a las posibles novedades legislativas o jurisprudenciales futuras. Si se realizan cambios materiales en esta Pol\u00edtica de Privacidad, se le informar\u00e1 de las nuevas circunstancias a trav\u00e9s de un correo electr\u00f3nico.\r\n<h3>Legislaci\u00f3n<\/h3>\r\nEn caso de disputa o conflicto de interpretaci\u00f3n de los t\u00e9rminos que conforman esta Pol\u00edtica de Privacidad, as\u00ed como cualquier cuesti\u00f3n relacionada con los servicios de la presente web, la ley aplicable ser\u00e1 la regulada por la legislaci\u00f3n y jurisdicci\u00f3n espa\u00f1ola a la que se someten expresamente las partes, siendo competentes por la resoluci\u00f3n de todos los conflictos derivados o relacionados con su uso los Juzgados y Tribunales de Barcelona.\t\t\t\t\t\t\t\t<\/div>\n\t\t\t\t<\/div>\n\t\t\t\t<\/div>\n\t\t\t\t\t<\/div>\n\t\t\t\t<\/div>\n\t\t\t\t<\/div>\n\t\t","protected":false},"excerpt":{"rendered":"<p>Orquestra Barroca Catalana \u00b7 Condiciones legales POL\u00cdTICA DE PRIVACIDAD Y PROTECCI\u00d3N DE DATOS Responsable del tratamiento Identidad: Orquestra Barroca Catalana NIF: G60434487 Direcci\u00f3n social: c\/ Trullols, 1, 08035, Barcelona Correo electr\u00f3nico: info@orquestrabarrocacatalana.com La Orquestra Barroca Catalana, de conformidad con lo dispuesto en el Reglamento (UE) 2016\/679 de 27 de abril de 2016 (RGPD) relativo a [&hellip;]<\/p>\n","protected":false},"author":2,"featured_media":0,"parent":0,"menu_order":0,"comment_status":"closed","ping_status":"closed","template":"","meta":{"_acf_changed":false,"footnotes":""},"class_list":["post-4635","page","type-page","status-publish","hentry"],"acf":[],"yoast_head":"<!-- This site is optimized with the Yoast SEO plugin v27.6 - https:\/\/yoast.com\/product\/yoast-seo-wordpress\/ -->\n<title>Pol\u00edtica de Privacidad - Orquestra Barroca Catalana<\/title>\n<meta name=\"robots\" content=\"index, follow, max-snippet:-1, max-image-preview:large, max-video-preview:-1\" \/>\n<link rel=\"canonical\" href=\"https:\/\/orquestrabarrocacatalana.cat\/politica-de-privacitat\/\" \/>\n<meta property=\"og:locale\" content=\"es_ES\" \/>\n<meta property=\"og:type\" content=\"article\" \/>\n<meta property=\"og:title\" content=\"Pol\u00edtica de Privacidad - Orquestra Barroca Catalana\" \/>\n<meta property=\"og:description\" content=\"Orquestra Barroca Catalana \u00b7 Condiciones legales POL\u00cdTICA DE PRIVACIDAD Y PROTECCI\u00d3N DE DATOS Responsable del tratamiento Identidad: Orquestra Barroca Catalana NIF: G60434487 Direcci\u00f3n social: c\/ Trullols, 1, 08035, Barcelona Correo electr\u00f3nico: info@orquestrabarrocacatalana.com La Orquestra Barroca Catalana, de conformidad con lo dispuesto en el Reglamento (UE) 2016\/679 de 27 de abril de 2016 (RGPD) relativo a [&hellip;]\" \/>\n<meta property=\"og:url\" content=\"https:\/\/orquestrabarrocacatalana.cat\/politica-de-privacitat\/\" \/>\n<meta property=\"og:site_name\" content=\"Orquestra Barroca Catalana\" \/>\n<meta property=\"article:publisher\" content=\"https:\/\/www.facebook.com\/OrquestraBarrocaCatalana?ref=hl\" \/>\n<meta property=\"article:modified_time\" content=\"2024-10-02T14:04:31+00:00\" \/>\n<meta property=\"og:image\" content=\"https:\/\/orquestrabarrocacatalana.cat\/wp-content\/uploads\/2023\/02\/OBC_logoRGB_fons_blanc.jpg\" \/>\n\t<meta property=\"og:image:width\" content=\"792\" \/>\n\t<meta property=\"og:image:height\" content=\"205\" \/>\n\t<meta property=\"og:image:type\" content=\"image\/jpeg\" \/>\n<meta name=\"twitter:card\" content=\"summary_large_image\" \/>\n<meta name=\"twitter:site\" content=\"@obarroca\" \/>\n<meta name=\"twitter:label1\" content=\"Tiempo de lectura\" \/>\n\t<meta name=\"twitter:data1\" content=\"4 minutos\" \/>\n<script type=\"application\/ld+json\" class=\"yoast-schema-graph\">{\"@context\":\"https:\\\/\\\/schema.org\",\"@graph\":[{\"@type\":\"WebPage\",\"@id\":\"https:\\\/\\\/orquestrabarrocacatalana.cat\\\/politica-de-privacitat\\\/\",\"url\":\"https:\\\/\\\/orquestrabarrocacatalana.cat\\\/politica-de-privacitat\\\/\",\"name\":\"Pol\u00edtica de Privacidad - Orquestra Barroca Catalana\",\"isPartOf\":{\"@id\":\"https:\\\/\\\/orquestrabarrocacatalana.cat\\\/#website\"},\"datePublished\":\"2022-04-06T07:26:30+00:00\",\"dateModified\":\"2024-10-02T14:04:31+00:00\",\"breadcrumb\":{\"@id\":\"https:\\\/\\\/orquestrabarrocacatalana.cat\\\/politica-de-privacitat\\\/#breadcrumb\"},\"inLanguage\":\"es\",\"potentialAction\":[{\"@type\":\"ReadAction\",\"target\":[\"https:\\\/\\\/orquestrabarrocacatalana.cat\\\/politica-de-privacitat\\\/\"]}]},{\"@type\":\"BreadcrumbList\",\"@id\":\"https:\\\/\\\/orquestrabarrocacatalana.cat\\\/politica-de-privacitat\\\/#breadcrumb\",\"itemListElement\":[{\"@type\":\"ListItem\",\"position\":1,\"name\":\"Inici\",\"item\":\"https:\\\/\\\/orquestrabarrocacatalana.cat\\\/\"},{\"@type\":\"ListItem\",\"position\":2,\"name\":\"Pol\u00edtica de Privacidad\"}]},{\"@type\":\"WebSite\",\"@id\":\"https:\\\/\\\/orquestrabarrocacatalana.cat\\\/#website\",\"url\":\"https:\\\/\\\/orquestrabarrocacatalana.cat\\\/\",\"name\":\"Orquestra Barroca Catalana\",\"description\":\"Divulgar i recuperar repertori dels segles XVII i XVIII, tot interpretant m\u00fasica instrumental, oper\u00edstica i religiosa\",\"publisher\":{\"@id\":\"https:\\\/\\\/orquestrabarrocacatalana.cat\\\/#organization\"},\"potentialAction\":[{\"@type\":\"SearchAction\",\"target\":{\"@type\":\"EntryPoint\",\"urlTemplate\":\"https:\\\/\\\/orquestrabarrocacatalana.cat\\\/?s={search_term_string}\"},\"query-input\":{\"@type\":\"PropertyValueSpecification\",\"valueRequired\":true,\"valueName\":\"search_term_string\"}}],\"inLanguage\":\"es\"},{\"@type\":\"Organization\",\"@id\":\"https:\\\/\\\/orquestrabarrocacatalana.cat\\\/#organization\",\"name\":\"Orquestra Barroca Catalana\",\"url\":\"https:\\\/\\\/orquestrabarrocacatalana.cat\\\/\",\"logo\":{\"@type\":\"ImageObject\",\"inLanguage\":\"es\",\"@id\":\"https:\\\/\\\/orquestrabarrocacatalana.cat\\\/#\\\/schema\\\/logo\\\/image\\\/\",\"url\":\"https:\\\/\\\/orquestrabarrocacatalana.cat\\\/wp-content\\\/uploads\\\/2022\\\/05\\\/logo-orquestra-barroca.png\",\"contentUrl\":\"https:\\\/\\\/orquestrabarrocacatalana.cat\\\/wp-content\\\/uploads\\\/2022\\\/05\\\/logo-orquestra-barroca.png\",\"width\":413,\"height\":108,\"caption\":\"Orquestra Barroca Catalana\"},\"image\":{\"@id\":\"https:\\\/\\\/orquestrabarrocacatalana.cat\\\/#\\\/schema\\\/logo\\\/image\\\/\"},\"sameAs\":[\"https:\\\/\\\/www.facebook.com\\\/OrquestraBarrocaCatalana?ref=hl\",\"https:\\\/\\\/x.com\\\/obarroca\",\"https:\\\/\\\/www.instagram.com\\\/orquestrabarroca\\\/\",\"https:\\\/\\\/www.youtube.com\\\/user\\\/orquestrabarroca\"]}]}<\/script>\n<!-- \/ Yoast SEO plugin. -->","yoast_head_json":{"title":"Pol\u00edtica de Privacidad - Orquestra Barroca Catalana","robots":{"index":"index","follow":"follow","max-snippet":"max-snippet:-1","max-image-preview":"max-image-preview:large","max-video-preview":"max-video-preview:-1"},"canonical":"https:\/\/orquestrabarrocacatalana.cat\/politica-de-privacitat\/","og_locale":"es_ES","og_type":"article","og_title":"Pol\u00edtica de Privacidad - Orquestra Barroca Catalana","og_description":"Orquestra Barroca Catalana \u00b7 Condiciones legales POL\u00cdTICA DE PRIVACIDAD Y PROTECCI\u00d3N DE DATOS Responsable del tratamiento Identidad: Orquestra Barroca Catalana NIF: G60434487 Direcci\u00f3n social: c\/ Trullols, 1, 08035, Barcelona Correo electr\u00f3nico: info@orquestrabarrocacatalana.com La Orquestra Barroca Catalana, de conformidad con lo dispuesto en el Reglamento (UE) 2016\/679 de 27 de abril de 2016 (RGPD) relativo a [&hellip;]","og_url":"https:\/\/orquestrabarrocacatalana.cat\/politica-de-privacitat\/","og_site_name":"Orquestra Barroca Catalana","article_publisher":"https:\/\/www.facebook.com\/OrquestraBarrocaCatalana?ref=hl","article_modified_time":"2024-10-02T14:04:31+00:00","og_image":[{"width":792,"height":205,"url":"https:\/\/orquestrabarrocacatalana.cat\/wp-content\/uploads\/2023\/02\/OBC_logoRGB_fons_blanc.jpg","type":"image\/jpeg"}],"twitter_card":"summary_large_image","twitter_site":"@obarroca","twitter_misc":{"Tiempo de lectura":"4 minutos"},"schema":{"@context":"https:\/\/schema.org","@graph":[{"@type":"WebPage","@id":"https:\/\/orquestrabarrocacatalana.cat\/politica-de-privacitat\/","url":"https:\/\/orquestrabarrocacatalana.cat\/politica-de-privacitat\/","name":"Pol\u00edtica de Privacidad - Orquestra Barroca Catalana","isPartOf":{"@id":"https:\/\/orquestrabarrocacatalana.cat\/#website"},"datePublished":"2022-04-06T07:26:30+00:00","dateModified":"2024-10-02T14:04:31+00:00","breadcrumb":{"@id":"https:\/\/orquestrabarrocacatalana.cat\/politica-de-privacitat\/#breadcrumb"},"inLanguage":"es","potentialAction":[{"@type":"ReadAction","target":["https:\/\/orquestrabarrocacatalana.cat\/politica-de-privacitat\/"]}]},{"@type":"BreadcrumbList","@id":"https:\/\/orquestrabarrocacatalana.cat\/politica-de-privacitat\/#breadcrumb","itemListElement":[{"@type":"ListItem","position":1,"name":"Inici","item":"https:\/\/orquestrabarrocacatalana.cat\/"},{"@type":"ListItem","position":2,"name":"Pol\u00edtica de Privacidad"}]},{"@type":"WebSite","@id":"https:\/\/orquestrabarrocacatalana.cat\/#website","url":"https:\/\/orquestrabarrocacatalana.cat\/","name":"Orquestra Barroca Catalana","description":"Divulgar i recuperar repertori dels segles XVII i XVIII, tot interpretant m\u00fasica instrumental, oper\u00edstica i religiosa","publisher":{"@id":"https:\/\/orquestrabarrocacatalana.cat\/#organization"},"potentialAction":[{"@type":"SearchAction","target":{"@type":"EntryPoint","urlTemplate":"https:\/\/orquestrabarrocacatalana.cat\/?s={search_term_string}"},"query-input":{"@type":"PropertyValueSpecification","valueRequired":true,"valueName":"search_term_string"}}],"inLanguage":"es"},{"@type":"Organization","@id":"https:\/\/orquestrabarrocacatalana.cat\/#organization","name":"Orquestra Barroca Catalana","url":"https:\/\/orquestrabarrocacatalana.cat\/","logo":{"@type":"ImageObject","inLanguage":"es","@id":"https:\/\/orquestrabarrocacatalana.cat\/#\/schema\/logo\/image\/","url":"https:\/\/orquestrabarrocacatalana.cat\/wp-content\/uploads\/2022\/05\/logo-orquestra-barroca.png","contentUrl":"https:\/\/orquestrabarrocacatalana.cat\/wp-content\/uploads\/2022\/05\/logo-orquestra-barroca.png","width":413,"height":108,"caption":"Orquestra Barroca Catalana"},"image":{"@id":"https:\/\/orquestrabarrocacatalana.cat\/#\/schema\/logo\/image\/"},"sameAs":["https:\/\/www.facebook.com\/OrquestraBarrocaCatalana?ref=hl","https:\/\/x.com\/obarroca","https:\/\/www.instagram.com\/orquestrabarroca\/","https:\/\/www.youtube.com\/user\/orquestrabarroca"]}]}},"_links":{"self":[{"href":"https:\/\/orquestrabarrocacatalana.cat\/es\/wp-json\/wp\/v2\/pages\/4635","targetHints":{"allow":["GET"]}}],"collection":[{"href":"https:\/\/orquestrabarrocacatalana.cat\/es\/wp-json\/wp\/v2\/pages"}],"about":[{"href":"https:\/\/orquestrabarrocacatalana.cat\/es\/wp-json\/wp\/v2\/types\/page"}],"author":[{"embeddable":true,"href":"https:\/\/orquestrabarrocacatalana.cat\/es\/wp-json\/wp\/v2\/users\/2"}],"replies":[{"embeddable":true,"href":"https:\/\/orquestrabarrocacatalana.cat\/es\/wp-json\/wp\/v2\/comments?post=4635"}],"version-history":[{"count":0,"href":"https:\/\/orquestrabarrocacatalana.cat\/es\/wp-json\/wp\/v2\/pages\/4635\/revisions"}],"wp:attachment":[{"href":"https:\/\/orquestrabarrocacatalana.cat\/es\/wp-json\/wp\/v2\/media?parent=4635"}],"curies":[{"name":"wp","href":"https:\/\/api.w.org\/{rel}","templated":true}]}}